{"id":25,"date":"2025-11-25T14:38:21","date_gmt":"2025-11-25T14:38:21","guid":{"rendered":"https:\/\/famapuigbodegas.com.ar\/home\/?page_id=25"},"modified":"2025-11-25T20:27:55","modified_gmt":"2025-11-25T20:27:55","slug":"historia","status":"publish","type":"page","link":"https:\/\/famapuigbodegas.com.ar\/home\/historia\/","title":{"rendered":"Historia"},"content":{"rendered":"\n<p class=\"has-text-align-center\">Famapuig Bodegas nace del deseo de recuperar una de las bebidas m\u00e1s antiguas del mundo: La hidromiel o Agua Miel como se la conoce en algunas regiones. Inspirados en la nobleza de la miel y en los m\u00e9todos tradicionales de fermentaci\u00f3n, comenzamos este proyecto artesanal con dedicaci\u00f3n, ciencia y pasi\u00f3n.<\/p>\n\n\n\n<p>Cada lote producido es cuidadosamente controlado en cada etapa y respetando los procesos historicos de preparacion.<\/p>\n\n\n\n<ul class=\"wp-block-list\">\n<li>Selecci\u00f3n de mieles de origen natural y de alta calidad<\/li>\n\n\n\n<li>Fermentaci\u00f3n guiada por t\u00e9cnicas enol\u00f3gicas modernas<\/li>\n\n\n\n<li>Correcci\u00f3n y equilibrio del mosto<\/li>\n\n\n\n<li>Clarificaci\u00f3n y estabilizaci\u00f3n para un producto elegante y alineado a las miticas recetas<\/li>\n<\/ul>\n\n\n\n<div style=\"height:100px\" aria-hidden=\"true\" class=\"wp-block-spacer\"><\/div>\n\n\n\n<p class=\"has-text-align-center\">Nuestra Premisa es Compartir una Experiencia que refleje Historia, identidad, dedicaci\u00f3n y respeto por esta Mitica Bebida<\/p>\n\n\n\n<p><\/p>\n","protected":false},"excerpt":{"rendered":"<p>Famapuig Bodegas nace del deseo de recuperar una de las bebidas m\u00e1s antiguas del mundo: La hidromiel o Agua Miel [&hellip;]<\/p>\n","protected":false},"author":1,"featured_media":0,"parent":0,"menu_order":0,"comment_status":"closed","ping_status":"closed","template":"","meta":{"site-sidebar-layout":"default","site-content-layout":"","ast-site-content-layout":"default","site-content-style":"default","site-sidebar-style":"default","ast-global-header-display":"","ast-banner-title-visibility":"","ast-main-header-display":"","ast-hfb-above-header-display":"","ast-hfb-below-header-display":"","ast-hfb-mobile-header-display":"","site-post-title":"","ast-breadcrumbs-content":"","ast-featured-img":"","footer-sml-layout":"","ast-disable-related-posts":"","theme-transparent-header-meta":"","adv-header-id-meta":"","stick-header-meta":"","header-above-stick-meta":"","header-main-stick-meta":"","header-below-stick-meta":"","astra-migrate-meta-layouts":"default","ast-page-background-enabled":"default","ast-page-background-meta":{"desktop":{"background-color":"var(--ast-global-color-5)","background-image":"","background-repeat":"repeat","background-position":"center center","background-size":"auto","background-attachment":"scroll","background-type":"","background-media":"","overlay-type":"","overlay-color":"","overlay-opacity":"","overlay-gradient":""},"tablet":{"background-color":"","background-image":"","background-repeat":"repeat","background-position":"center center","background-size":"auto","background-attachment":"scroll","background-type":"","background-media":"","overlay-type":"","overlay-color":"","overlay-opacity":"","overlay-gradient":""},"mobile":{"background-color":"","background-image":"","background-repeat":"repeat","background-position":"center center","background-size":"auto","background-attachment":"scroll","background-type":"","background-media":"","overlay-type":"","overlay-color":"","overlay-opacity":"","overlay-gradient":""}},"ast-content-background-meta":{"desktop":{"background-color":"var(--ast-global-color-4)","background-image":"","background-repeat":"repeat","background-position":"center center","background-size":"auto","background-attachment":"scroll","background-type":"","background-media":"","overlay-type":"","overlay-color":"","overlay-opacity":"","overlay-gradient":""},"tablet":{"background-color":"var(--ast-global-color-4)","background-image":"","background-repeat":"repeat","background-position":"center center","background-size":"auto","background-attachment":"scroll","background-type":"","background-media":"","overlay-type":"","overlay-color":"","overlay-opacity":"","overlay-gradient":""},"mobile":{"background-color":"var(--ast-global-color-4)","background-image":"","background-repeat":"repeat","background-position":"center center","background-size":"auto","background-attachment":"scroll","background-type":"","background-media":"","overlay-type":"","overlay-color":"","overlay-opacity":"","overlay-gradient":""}},"footnotes":""},"class_list":["post-25","page","type-page","status-publish","hentry"],"_hostinger_reach_plugin_has_subscription_block":false,"_hostinger_reach_plugin_is_elementor":false,"_links":{"self":[{"href":"https:\/\/famapuigbodegas.com.ar\/home\/wp-json\/wp\/v2\/pages\/25","targetHints":{"allow":["GET"]}}],"collection":[{"href":"https:\/\/famapuigbodegas.com.ar\/home\/wp-json\/wp\/v2\/pages"}],"about":[{"href":"https:\/\/famapuigbodegas.com.ar\/home\/wp-json\/wp\/v2\/types\/page"}],"author":[{"embeddable":true,"href":"https:\/\/famapuigbodegas.com.ar\/home\/wp-json\/wp\/v2\/users\/1"}],"replies":[{"embeddable":true,"href":"https:\/\/famapuigbodegas.com.ar\/home\/wp-json\/wp\/v2\/comments?post=25"}],"version-history":[{"count":7,"href":"https:\/\/famapuigbodegas.com.ar\/home\/wp-json\/wp\/v2\/pages\/25\/revisions"}],"predecessor-version":[{"id":56,"href":"https:\/\/famapuigbodegas.com.ar\/home\/wp-json\/wp\/v2\/pages\/25\/revisions\/56"}],"wp:attachment":[{"href":"https:\/\/famapuigbodegas.com.ar\/home\/wp-json\/wp\/v2\/media?parent=25"}],"curies":[{"name":"wp","href":"https:\/\/api.w.org\/{rel}","templated":true}]}}